{"id":6419,"date":"2022-03-22T15:13:04","date_gmt":"2022-03-22T14:13:04","guid":{"rendered":"https:\/\/www.malkowski.pl\/?page_id=6419"},"modified":"2024-01-02T09:15:16","modified_gmt":"2024-01-02T08:15:16","slug":"ueber-die-firma","status":"publish","type":"page","link":"https:\/\/www.malkowski.pl\/de\/ueber-die-firma\/","title":{"rendered":"\u00dcber die Firma"},"content":{"rendered":"","protected":false},"excerpt":{"rendered":"","protected":false},"author":5,"featured_media":0,"parent":0,"menu_order":2,"comment_status":"closed","ping_status":"closed","template":"about.php","meta":{"inline_featured_image":false,"footnotes":""},"acf":[],"yoast_head":"<!-- This site is optimized with the Yoast SEO plugin v21.7 - https:\/\/yoast.com\/wordpress\/plugins\/seo\/ -->\n<title>\u00dcber die Firma - Ma\u0142kowski - Martech<\/title>\n<meta name=\"robots\" content=\"index, follow, max-snippet:-1, max-image-preview:large, max-video-preview:-1\" \/>\n<link rel=\"canonical\" href=\"https:\/\/www.malkowski.pl\/de\/ueber-die-firma\/\" \/>\n<meta property=\"og:locale\" content=\"de_DE\" \/>\n<meta property=\"og:type\" content=\"article\" \/>\n<meta property=\"og:title\" content=\"\u00dcber die Firma - Ma\u0142kowski - Martech\" \/>\n<meta property=\"og:url\" content=\"https:\/\/www.malkowski.pl\/de\/ueber-die-firma\/\" \/>\n<meta property=\"og:site_name\" content=\"Ma\u0142kowski - Martech\" \/>\n<meta property=\"article:modified_time\" content=\"2024-01-02T08:15:16+00:00\" \/>\n<meta name=\"twitter:card\" content=\"summary_large_image\" \/>\n<script type=\"application\/ld+json\" class=\"yoast-schema-graph\">{\"@context\":\"https:\/\/schema.org\",\"@graph\":[{\"@type\":\"WebPage\",\"@id\":\"https:\/\/www.malkowski.pl\/de\/ueber-die-firma\/\",\"url\":\"https:\/\/www.malkowski.pl\/de\/ueber-die-firma\/\",\"name\":\"\u00dcber die Firma - Ma\u0142kowski - Martech\",\"isPartOf\":{\"@id\":\"https:\/\/www.malkowski.pl\/#website\"},\"datePublished\":\"2022-03-22T14:13:04+00:00\",\"dateModified\":\"2024-01-02T08:15:16+00:00\",\"breadcrumb\":{\"@id\":\"https:\/\/www.malkowski.pl\/de\/ueber-die-firma\/#breadcrumb\"},\"inLanguage\":\"de\",\"potentialAction\":[{\"@type\":\"ReadAction\",\"target\":[\"https:\/\/www.malkowski.pl\/de\/ueber-die-firma\/\"]}]},{\"@type\":\"BreadcrumbList\",\"@id\":\"https:\/\/www.malkowski.pl\/de\/ueber-die-firma\/#breadcrumb\",\"itemListElement\":[{\"@type\":\"ListItem\",\"position\":1,\"name\":\"Strona g\u0142\u00f3wna\",\"item\":\"https:\/\/www.malkowski.pl\/de\/\"},{\"@type\":\"ListItem\",\"position\":2,\"name\":\"\u00dcber die Firma\"}]},{\"@type\":\"WebSite\",\"@id\":\"https:\/\/www.malkowski.pl\/#website\",\"url\":\"https:\/\/www.malkowski.pl\/\",\"name\":\"Ma\u0142kowski - Martech\",\"description\":\"MM jest producentem bram przeciwpo\u017carowych, stanowi\u0105cych g\u0142\u00f3wny pasywny element zabezpiecze\u0144 przeciwpo\u017carowych w wielu budynkach u\u017cyteczno\u015bci publicznej i wielkogabarytowych.\",\"potentialAction\":[{\"@type\":\"SearchAction\",\"target\":{\"@type\":\"EntryPoint\",\"urlTemplate\":\"https:\/\/www.malkowski.pl\/?s={search_term_string}\"},\"query-input\":\"required name=search_term_string\"}],\"inLanguage\":\"de\"}]}<\/script>\n<!-- \/ Yoast SEO plugin. -->","yoast_head_json":{"title":"\u00dcber die Firma - Ma\u0142kowski - Martech","robots":{"index":"index","follow":"follow","max-snippet":"max-snippet:-1","max-image-preview":"max-image-preview:large","max-video-preview":"max-video-preview:-1"},"canonical":"https:\/\/www.malkowski.pl\/de\/ueber-die-firma\/","og_locale":"de_DE","og_type":"article","og_title":"\u00dcber die Firma - Ma\u0142kowski - Martech","og_url":"https:\/\/www.malkowski.pl\/de\/ueber-die-firma\/","og_site_name":"Ma\u0142kowski - Martech","article_modified_time":"2024-01-02T08:15:16+00:00","twitter_card":"summary_large_image","schema":{"@context":"https:\/\/schema.org","@graph":[{"@type":"WebPage","@id":"https:\/\/www.malkowski.pl\/de\/ueber-die-firma\/","url":"https:\/\/www.malkowski.pl\/de\/ueber-die-firma\/","name":"\u00dcber die Firma - Ma\u0142kowski - Martech","isPartOf":{"@id":"https:\/\/www.malkowski.pl\/#website"},"datePublished":"2022-03-22T14:13:04+00:00","dateModified":"2024-01-02T08:15:16+00:00","breadcrumb":{"@id":"https:\/\/www.malkowski.pl\/de\/ueber-die-firma\/#breadcrumb"},"inLanguage":"de","potentialAction":[{"@type":"ReadAction","target":["https:\/\/www.malkowski.pl\/de\/ueber-die-firma\/"]}]},{"@type":"BreadcrumbList","@id":"https:\/\/www.malkowski.pl\/de\/ueber-die-firma\/#breadcrumb","itemListElement":[{"@type":"ListItem","position":1,"name":"Strona g\u0142\u00f3wna","item":"https:\/\/www.malkowski.pl\/de\/"},{"@type":"ListItem","position":2,"name":"\u00dcber die Firma"}]},{"@type":"WebSite","@id":"https:\/\/www.malkowski.pl\/#website","url":"https:\/\/www.malkowski.pl\/","name":"Ma\u0142kowski - Martech","description":"MM jest producentem bram przeciwpo\u017carowych, stanowi\u0105cych g\u0142\u00f3wny pasywny element zabezpiecze\u0144 przeciwpo\u017carowych w wielu budynkach u\u017cyteczno\u015bci publicznej i wielkogabarytowych.","potentialAction":[{"@type":"SearchAction","target":{"@type":"EntryPoint","urlTemplate":"https:\/\/www.malkowski.pl\/?s={search_term_string}"},"query-input":"required name=search_term_string"}],"inLanguage":"de"}]}},"_links":{"self":[{"href":"https:\/\/www.malkowski.pl\/de\/wp-json\/wp\/v2\/pages\/6419"}],"collection":[{"href":"https:\/\/www.malkowski.pl\/de\/wp-json\/wp\/v2\/pages"}],"about":[{"href":"https:\/\/www.malkowski.pl\/de\/wp-json\/wp\/v2\/types\/page"}],"author":[{"embeddable":true,"href":"https:\/\/www.malkowski.pl\/de\/wp-json\/wp\/v2\/users\/5"}],"replies":[{"embeddable":true,"href":"https:\/\/www.malkowski.pl\/de\/wp-json\/wp\/v2\/comments?post=6419"}],"version-history":[{"count":7,"href":"https:\/\/www.malkowski.pl\/de\/wp-json\/wp\/v2\/pages\/6419\/revisions"}],"predecessor-version":[{"id":8891,"href":"https:\/\/www.malkowski.pl\/de\/wp-json\/wp\/v2\/pages\/6419\/revisions\/8891"}],"wp:attachment":[{"href":"https:\/\/www.malkowski.pl\/de\/wp-json\/wp\/v2\/media?parent=6419"}],"curies":[{"name":"wp","href":"https:\/\/api.w.org\/{rel}","templated":true}]}}