{"id":7599,"date":"2022-05-10T13:59:18","date_gmt":"2022-05-10T11:59:18","guid":{"rendered":"https:\/\/www.malkowski.pl\/katalogi\/"},"modified":"2024-04-29T10:57:50","modified_gmt":"2024-04-29T08:57:50","slug":"katalogi","status":"publish","type":"page","link":"https:\/\/www.malkowski.pl\/de\/katalogi\/","title":{"rendered":"Kataloge"},"content":{"rendered":"<p>Materia\u0142 online do pobrania<\/p>\n<p>&nbsp;<\/p>\n<p>&nbsp;<\/p>\n","protected":false},"excerpt":{"rendered":"<p>Materia\u0142 online do pobrania &nbsp; &nbsp;<\/p>\n","protected":false},"author":5,"featured_media":0,"parent":0,"menu_order":0,"comment_status":"closed","ping_status":"closed","template":"links_tiles.php","meta":{"inline_featured_image":false,"footnotes":""},"acf":[],"yoast_head":"<!-- This site is optimized with the Yoast SEO plugin v21.7 - https:\/\/yoast.com\/wordpress\/plugins\/seo\/ -->\n<title>Kataloge - Ma\u0142kowski - Martech<\/title>\n<meta name=\"robots\" content=\"index, follow, max-snippet:-1, max-image-preview:large, max-video-preview:-1\" \/>\n<link rel=\"canonical\" href=\"https:\/\/www.malkowski.pl\/de\/katalogi\/\" \/>\n<meta property=\"og:locale\" content=\"de_DE\" \/>\n<meta property=\"og:type\" content=\"article\" \/>\n<meta property=\"og:title\" content=\"Kataloge - Ma\u0142kowski - Martech\" \/>\n<meta property=\"og:description\" content=\"Materia\u0142 online do pobrania &nbsp; &nbsp;\" \/>\n<meta property=\"og:url\" content=\"https:\/\/www.malkowski.pl\/de\/katalogi\/\" \/>\n<meta property=\"og:site_name\" content=\"Ma\u0142kowski - Martech\" \/>\n<meta property=\"article:modified_time\" content=\"2024-04-29T08:57:50+00:00\" \/>\n<meta name=\"twitter:card\" content=\"summary_large_image\" \/>\n<meta name=\"twitter:label1\" content=\"Gesch\u00e4tzte Lesezeit\" \/>\n\t<meta name=\"twitter:data1\" content=\"1\u00a0Minute\" \/>\n<script type=\"application\/ld+json\" class=\"yoast-schema-graph\">{\"@context\":\"https:\/\/schema.org\",\"@graph\":[{\"@type\":\"WebPage\",\"@id\":\"https:\/\/www.malkowski.pl\/de\/katalogi\/\",\"url\":\"https:\/\/www.malkowski.pl\/de\/katalogi\/\",\"name\":\"Kataloge - Ma\u0142kowski - Martech\",\"isPartOf\":{\"@id\":\"https:\/\/www.malkowski.pl\/#website\"},\"datePublished\":\"2022-05-10T11:59:18+00:00\",\"dateModified\":\"2024-04-29T08:57:50+00:00\",\"breadcrumb\":{\"@id\":\"https:\/\/www.malkowski.pl\/de\/katalogi\/#breadcrumb\"},\"inLanguage\":\"de\",\"potentialAction\":[{\"@type\":\"ReadAction\",\"target\":[\"https:\/\/www.malkowski.pl\/de\/katalogi\/\"]}]},{\"@type\":\"BreadcrumbList\",\"@id\":\"https:\/\/www.malkowski.pl\/de\/katalogi\/#breadcrumb\",\"itemListElement\":[{\"@type\":\"ListItem\",\"position\":1,\"name\":\"Strona g\u0142\u00f3wna\",\"item\":\"https:\/\/www.malkowski.pl\/de\/\"},{\"@type\":\"ListItem\",\"position\":2,\"name\":\"Kataloge\"}]},{\"@type\":\"WebSite\",\"@id\":\"https:\/\/www.malkowski.pl\/#website\",\"url\":\"https:\/\/www.malkowski.pl\/\",\"name\":\"Ma\u0142kowski - Martech\",\"description\":\"MM jest producentem bram przeciwpo\u017carowych, stanowi\u0105cych g\u0142\u00f3wny pasywny element zabezpiecze\u0144 przeciwpo\u017carowych w wielu budynkach u\u017cyteczno\u015bci publicznej i wielkogabarytowych.\",\"potentialAction\":[{\"@type\":\"SearchAction\",\"target\":{\"@type\":\"EntryPoint\",\"urlTemplate\":\"https:\/\/www.malkowski.pl\/?s={search_term_string}\"},\"query-input\":\"required name=search_term_string\"}],\"inLanguage\":\"de\"}]}<\/script>\n<!-- \/ Yoast SEO plugin. -->","yoast_head_json":{"title":"Kataloge - Ma\u0142kowski - Martech","robots":{"index":"index","follow":"follow","max-snippet":"max-snippet:-1","max-image-preview":"max-image-preview:large","max-video-preview":"max-video-preview:-1"},"canonical":"https:\/\/www.malkowski.pl\/de\/katalogi\/","og_locale":"de_DE","og_type":"article","og_title":"Kataloge - Ma\u0142kowski - Martech","og_description":"Materia\u0142 online do pobrania &nbsp; &nbsp;","og_url":"https:\/\/www.malkowski.pl\/de\/katalogi\/","og_site_name":"Ma\u0142kowski - Martech","article_modified_time":"2024-04-29T08:57:50+00:00","twitter_card":"summary_large_image","twitter_misc":{"Gesch\u00e4tzte Lesezeit":"1\u00a0Minute"},"schema":{"@context":"https:\/\/schema.org","@graph":[{"@type":"WebPage","@id":"https:\/\/www.malkowski.pl\/de\/katalogi\/","url":"https:\/\/www.malkowski.pl\/de\/katalogi\/","name":"Kataloge - Ma\u0142kowski - Martech","isPartOf":{"@id":"https:\/\/www.malkowski.pl\/#website"},"datePublished":"2022-05-10T11:59:18+00:00","dateModified":"2024-04-29T08:57:50+00:00","breadcrumb":{"@id":"https:\/\/www.malkowski.pl\/de\/katalogi\/#breadcrumb"},"inLanguage":"de","potentialAction":[{"@type":"ReadAction","target":["https:\/\/www.malkowski.pl\/de\/katalogi\/"]}]},{"@type":"BreadcrumbList","@id":"https:\/\/www.malkowski.pl\/de\/katalogi\/#breadcrumb","itemListElement":[{"@type":"ListItem","position":1,"name":"Strona g\u0142\u00f3wna","item":"https:\/\/www.malkowski.pl\/de\/"},{"@type":"ListItem","position":2,"name":"Kataloge"}]},{"@type":"WebSite","@id":"https:\/\/www.malkowski.pl\/#website","url":"https:\/\/www.malkowski.pl\/","name":"Ma\u0142kowski - Martech","description":"MM jest producentem bram przeciwpo\u017carowych, stanowi\u0105cych g\u0142\u00f3wny pasywny element zabezpiecze\u0144 przeciwpo\u017carowych w wielu budynkach u\u017cyteczno\u015bci publicznej i wielkogabarytowych.","potentialAction":[{"@type":"SearchAction","target":{"@type":"EntryPoint","urlTemplate":"https:\/\/www.malkowski.pl\/?s={search_term_string}"},"query-input":"required name=search_term_string"}],"inLanguage":"de"}]}},"_links":{"self":[{"href":"https:\/\/www.malkowski.pl\/de\/wp-json\/wp\/v2\/pages\/7599"}],"collection":[{"href":"https:\/\/www.malkowski.pl\/de\/wp-json\/wp\/v2\/pages"}],"about":[{"href":"https:\/\/www.malkowski.pl\/de\/wp-json\/wp\/v2\/types\/page"}],"author":[{"embeddable":true,"href":"https:\/\/www.malkowski.pl\/de\/wp-json\/wp\/v2\/users\/5"}],"replies":[{"embeddable":true,"href":"https:\/\/www.malkowski.pl\/de\/wp-json\/wp\/v2\/comments?post=7599"}],"version-history":[{"count":8,"href":"https:\/\/www.malkowski.pl\/de\/wp-json\/wp\/v2\/pages\/7599\/revisions"}],"predecessor-version":[{"id":9008,"href":"https:\/\/www.malkowski.pl\/de\/wp-json\/wp\/v2\/pages\/7599\/revisions\/9008"}],"wp:attachment":[{"href":"https:\/\/www.malkowski.pl\/de\/wp-json\/wp\/v2\/media?parent=7599"}],"curies":[{"name":"wp","href":"https:\/\/api.w.org\/{rel}","templated":true}]}}