{"id":8952,"date":"2024-02-01T21:07:44","date_gmt":"2024-02-01T20:07:44","guid":{"rendered":"https:\/\/www.malkowski.pl\/?page_id=8952"},"modified":"2024-02-02T14:42:43","modified_gmt":"2024-02-02T13:42:43","slug":"general-terms-and-conditions-for-supply-of-products-swedish-law","status":"publish","type":"page","link":"https:\/\/www.malkowski.pl\/en\/general-terms-and-conditions-for-supply-of-products-swedish-law\/","title":{"rendered":"General Terms and Conditions for supply of products"},"content":{"rendered":"","protected":false},"excerpt":{"rendered":"","protected":false},"author":7,"featured_media":0,"parent":0,"menu_order":0,"comment_status":"closed","ping_status":"closed","template":"content_page.php","meta":{"inline_featured_image":false,"footnotes":""},"acf":[],"yoast_head":"<!-- This site is optimized with the Yoast SEO plugin v21.7 - https:\/\/yoast.com\/wordpress\/plugins\/seo\/ -->\n<title>General Terms and Conditions for supply of products - Ma\u0142kowski<\/title>\n<meta name=\"robots\" content=\"index, follow, max-snippet:-1, max-image-preview:large, max-video-preview:-1\" \/>\n<link rel=\"canonical\" href=\"https:\/\/www.malkowski.pl\/en\/general-terms-and-conditions-for-supply-of-products-swedish-law\/\" \/>\n<meta property=\"og:locale\" content=\"en_US\" \/>\n<meta property=\"og:type\" content=\"article\" \/>\n<meta property=\"og:title\" content=\"General Terms and Conditions for supply of products - Ma\u0142kowski\" \/>\n<meta property=\"og:url\" content=\"https:\/\/www.malkowski.pl\/en\/general-terms-and-conditions-for-supply-of-products-swedish-law\/\" \/>\n<meta property=\"og:site_name\" content=\"Ma\u0142kowski\" \/>\n<meta property=\"article:modified_time\" content=\"2024-02-02T13:42:43+00:00\" \/>\n<meta name=\"twitter:card\" content=\"summary_large_image\" \/>\n<script type=\"application\/ld+json\" class=\"yoast-schema-graph\">{\"@context\":\"https:\/\/schema.org\",\"@graph\":[{\"@type\":\"WebPage\",\"@id\":\"https:\/\/www.malkowski.pl\/en\/general-terms-and-conditions-for-supply-of-products-swedish-law\/\",\"url\":\"https:\/\/www.malkowski.pl\/en\/general-terms-and-conditions-for-supply-of-products-swedish-law\/\",\"name\":\"General Terms and Conditions for supply of products - Ma\u0142kowski\",\"isPartOf\":{\"@id\":\"https:\/\/www.malkowski.pl\/#website\"},\"datePublished\":\"2024-02-01T20:07:44+00:00\",\"dateModified\":\"2024-02-02T13:42:43+00:00\",\"breadcrumb\":{\"@id\":\"https:\/\/www.malkowski.pl\/en\/general-terms-and-conditions-for-supply-of-products-swedish-law\/#breadcrumb\"},\"inLanguage\":\"en-US\",\"potentialAction\":[{\"@type\":\"ReadAction\",\"target\":[\"https:\/\/www.malkowski.pl\/en\/general-terms-and-conditions-for-supply-of-products-swedish-law\/\"]}]},{\"@type\":\"BreadcrumbList\",\"@id\":\"https:\/\/www.malkowski.pl\/en\/general-terms-and-conditions-for-supply-of-products-swedish-law\/#breadcrumb\",\"itemListElement\":[{\"@type\":\"ListItem\",\"position\":1,\"name\":\"Strona g\u0142\u00f3wna\",\"item\":\"https:\/\/www.malkowski.pl\/en\/\"},{\"@type\":\"ListItem\",\"position\":2,\"name\":\"General Terms and Conditions for supply of products\"}]},{\"@type\":\"WebSite\",\"@id\":\"https:\/\/www.malkowski.pl\/#website\",\"url\":\"https:\/\/www.malkowski.pl\/\",\"name\":\"Ma\u0142kowski - Martech\",\"description\":\"MM jest producentem bram przeciwpo\u017carowych, stanowi\u0105cych g\u0142\u00f3wny pasywny element zabezpiecze\u0144 przeciwpo\u017carowych w wielu budynkach u\u017cyteczno\u015bci publicznej i wielkogabarytowych.\",\"potentialAction\":[{\"@type\":\"SearchAction\",\"target\":{\"@type\":\"EntryPoint\",\"urlTemplate\":\"https:\/\/www.malkowski.pl\/?s={search_term_string}\"},\"query-input\":\"required name=search_term_string\"}],\"inLanguage\":\"en-US\"}]}<\/script>\n<!-- \/ Yoast SEO plugin. -->","yoast_head_json":{"title":"General Terms and Conditions for supply of products - Ma\u0142kowski","robots":{"index":"index","follow":"follow","max-snippet":"max-snippet:-1","max-image-preview":"max-image-preview:large","max-video-preview":"max-video-preview:-1"},"canonical":"https:\/\/www.malkowski.pl\/en\/general-terms-and-conditions-for-supply-of-products-swedish-law\/","og_locale":"en_US","og_type":"article","og_title":"General Terms and Conditions for supply of products - Ma\u0142kowski","og_url":"https:\/\/www.malkowski.pl\/en\/general-terms-and-conditions-for-supply-of-products-swedish-law\/","og_site_name":"Ma\u0142kowski","article_modified_time":"2024-02-02T13:42:43+00:00","twitter_card":"summary_large_image","schema":{"@context":"https:\/\/schema.org","@graph":[{"@type":"WebPage","@id":"https:\/\/www.malkowski.pl\/en\/general-terms-and-conditions-for-supply-of-products-swedish-law\/","url":"https:\/\/www.malkowski.pl\/en\/general-terms-and-conditions-for-supply-of-products-swedish-law\/","name":"General Terms and Conditions for supply of products - Ma\u0142kowski","isPartOf":{"@id":"https:\/\/www.malkowski.pl\/#website"},"datePublished":"2024-02-01T20:07:44+00:00","dateModified":"2024-02-02T13:42:43+00:00","breadcrumb":{"@id":"https:\/\/www.malkowski.pl\/en\/general-terms-and-conditions-for-supply-of-products-swedish-law\/#breadcrumb"},"inLanguage":"en-US","potentialAction":[{"@type":"ReadAction","target":["https:\/\/www.malkowski.pl\/en\/general-terms-and-conditions-for-supply-of-products-swedish-law\/"]}]},{"@type":"BreadcrumbList","@id":"https:\/\/www.malkowski.pl\/en\/general-terms-and-conditions-for-supply-of-products-swedish-law\/#breadcrumb","itemListElement":[{"@type":"ListItem","position":1,"name":"Strona g\u0142\u00f3wna","item":"https:\/\/www.malkowski.pl\/en\/"},{"@type":"ListItem","position":2,"name":"General Terms and Conditions for supply of products"}]},{"@type":"WebSite","@id":"https:\/\/www.malkowski.pl\/#website","url":"https:\/\/www.malkowski.pl\/","name":"Ma\u0142kowski - Martech","description":"MM jest producentem bram przeciwpo\u017carowych, stanowi\u0105cych g\u0142\u00f3wny pasywny element zabezpiecze\u0144 przeciwpo\u017carowych w wielu budynkach u\u017cyteczno\u015bci publicznej i wielkogabarytowych.","potentialAction":[{"@type":"SearchAction","target":{"@type":"EntryPoint","urlTemplate":"https:\/\/www.malkowski.pl\/?s={search_term_string}"},"query-input":"required name=search_term_string"}],"inLanguage":"en-US"}]}},"_links":{"self":[{"href":"https:\/\/www.malkowski.pl\/en\/wp-json\/wp\/v2\/pages\/8952"}],"collection":[{"href":"https:\/\/www.malkowski.pl\/en\/wp-json\/wp\/v2\/pages"}],"about":[{"href":"https:\/\/www.malkowski.pl\/en\/wp-json\/wp\/v2\/types\/page"}],"author":[{"embeddable":true,"href":"https:\/\/www.malkowski.pl\/en\/wp-json\/wp\/v2\/users\/7"}],"replies":[{"embeddable":true,"href":"https:\/\/www.malkowski.pl\/en\/wp-json\/wp\/v2\/comments?post=8952"}],"version-history":[{"count":2,"href":"https:\/\/www.malkowski.pl\/en\/wp-json\/wp\/v2\/pages\/8952\/revisions"}],"predecessor-version":[{"id":8960,"href":"https:\/\/www.malkowski.pl\/en\/wp-json\/wp\/v2\/pages\/8952\/revisions\/8960"}],"wp:attachment":[{"href":"https:\/\/www.malkowski.pl\/en\/wp-json\/wp\/v2\/media?parent=8952"}],"curies":[{"name":"wp","href":"https:\/\/api.w.org\/{rel}","templated":true}]}}